{"id":127,"date":"2023-06-21T12:04:50","date_gmt":"2023-06-21T08:04:50","guid":{"rendered":"http:\/\/miklpictures.art\/?page_id=127"},"modified":"2023-09-11T21:26:26","modified_gmt":"2023-09-11T17:26:26","slug":"koleksyon","status":"publish","type":"page","link":"https:\/\/miklpictures.art\/?page_id=127","title":{"rendered":"Koleksyon"},"content":{"rendered":"\n<div class=\"wp-block-columns is-layout-flex wp-container-core-columns-is-layout-9d6595d7 wp-block-columns-is-layout-flex\">\n<div class=\"wp-block-column is-layout-flow wp-block-column-is-layout-flow\">\n<div class=\"wp-block-cover\"><span aria-hidden=\"true\" class=\"wp-block-cover__background has-background-dim\"><\/span><img loading=\"lazy\" decoding=\"async\" width=\"2048\" height=\"1365\" class=\"wp-block-cover__image-background wp-image-26\" alt=\"\" src=\"http:\/\/miklpictures.art\/wp-content\/uploads\/2023\/06\/DSC00206.jpg\" data-object-fit=\"cover\" srcset=\"https:\/\/miklpictures.art\/wp-content\/uploads\/2023\/06\/DSC00206.jpg 2048w, https:\/\/miklpictures.art\/wp-content\/uploads\/2023\/06\/DSC00206-300x200.jpg 300w, https:\/\/miklpictures.art\/wp-content\/uploads\/2023\/06\/DSC00206-1024x683.jpg 1024w, https:\/\/miklpictures.art\/wp-content\/uploads\/2023\/06\/DSC00206-768x512.jpg 768w, https:\/\/miklpictures.art\/wp-content\/uploads\/2023\/06\/DSC00206-1536x1024.jpg 1536w, https:\/\/miklpictures.art\/wp-content\/uploads\/2023\/06\/DSC00206-450x300.jpg 450w\" sizes=\"auto, (max-width: 2048px) 100vw, 2048px\" \/><div class=\"wp-block-cover__inner-container is-layout-flow wp-block-cover-is-layout-flow\">\n<p class=\"has-text-align-center has-large-font-size\"><strong><a href=\"http:\/\/miklpictures.art\/?cat=3\">Dan l\u00e9o<\/a><\/strong><\/p>\n\n\n\n<p class=\"has-sitebg-color has-text-color\"><em>Nout ti p\u00e9y l\u00e9 ver, son l\u00e8r l\u00e9 fr\u00e8 \u00e9 son tr\u00e9zor l\u00e9 dan l\u00e9o<\/em>.<\/p>\n\n\n\n<p class=\"has-sitebg-color has-text-color\">La R\u00e9union est une \u00eele verdoyante dont la beaut\u00e9 r\u00e9side dans ses hauteurs.<\/p>\n<\/div><\/div>\n<\/div>\n\n\n\n<div class=\"wp-block-column is-layout-flow wp-block-column-is-layout-flow\">\n<div class=\"wp-block-cover\"><span aria-hidden=\"true\" class=\"wp-block-cover__background has-background-dim\"><\/span><img loading=\"lazy\" decoding=\"async\" width=\"683\" height=\"1024\" class=\"wp-block-cover__image-background wp-image-13\" alt=\"\" src=\"http:\/\/miklpictures.art\/wp-content\/uploads\/2023\/06\/DSCF4401-683x1024.jpg\" data-object-fit=\"cover\" srcset=\"https:\/\/miklpictures.art\/wp-content\/uploads\/2023\/06\/DSCF4401-683x1024.jpg 683w, https:\/\/miklpictures.art\/wp-content\/uploads\/2023\/06\/DSCF4401-200x300.jpg 200w, https:\/\/miklpictures.art\/wp-content\/uploads\/2023\/06\/DSCF4401-768x1152.jpg 768w, https:\/\/miklpictures.art\/wp-content\/uploads\/2023\/06\/DSCF4401-1024x1536.jpg 1024w, https:\/\/miklpictures.art\/wp-content\/uploads\/2023\/06\/DSCF4401.jpg 1365w\" sizes=\"auto, (max-width: 683px) 100vw, 683px\" \/><div class=\"wp-block-cover__inner-container is-layout-flow wp-block-cover-is-layout-flow\">\n<p class=\"has-text-align-center has-large-font-size\"><strong><a href=\"http:\/\/miklpictures.art\/?cat=5\">Dan f\u00e9nwar<\/a><\/strong><\/p>\n\n\n\n<p class=\"has-sitebg-color has-text-color\"><em>F\u00e9nwar i mont a nou sak la limi\u00e8r di zour l\u00e9 pa kapab<\/em>.<\/p>\n\n\n\n<p class=\"has-sitebg-color has-text-color\">L&rsquo;obscurit\u00e9 sait r\u00e9v\u00e9ler une beaut\u00e9 paradoxalement cach\u00e9e \u00e0 la lumi\u00e8re du jour.<\/p>\n<\/div><\/div>\n<\/div>\n\n\n\n<div class=\"wp-block-column is-layout-flow wp-block-column-is-layout-flow\">\n<div class=\"wp-block-cover is-light\"><span aria-hidden=\"true\" class=\"wp-block-cover__background has-background-dim\"><\/span><img loading=\"lazy\" decoding=\"async\" width=\"1024\" height=\"683\" class=\"wp-block-cover__image-background wp-image-61\" alt=\"\" src=\"http:\/\/miklpictures.art\/wp-content\/uploads\/2023\/06\/DSC00320-1024x683.jpg\" data-object-fit=\"cover\" srcset=\"https:\/\/miklpictures.art\/wp-content\/uploads\/2023\/06\/DSC00320-1024x683.jpg 1024w, https:\/\/miklpictures.art\/wp-content\/uploads\/2023\/06\/DSC00320-300x200.jpg 300w, https:\/\/miklpictures.art\/wp-content\/uploads\/2023\/06\/DSC00320-768x512.jpg 768w, https:\/\/miklpictures.art\/wp-content\/uploads\/2023\/06\/DSC00320-1536x1025.jpg 1536w, https:\/\/miklpictures.art\/wp-content\/uploads\/2023\/06\/DSC00320-450x300.jpg 450w, https:\/\/miklpictures.art\/wp-content\/uploads\/2023\/06\/DSC00320.jpg 2048w\" sizes=\"auto, (max-width: 1024px) 100vw, 1024px\" \/><div class=\"wp-block-cover__inner-container is-layout-flow wp-block-cover-is-layout-flow\">\n<p class=\"has-text-align-center has-sitebg-color has-text-color has-large-font-size\"><strong><a href=\"http:\/\/miklpictures.art\/?cat=9\">Kar\u00e9 b\u00e9ton<\/a><\/strong><\/p>\n\n\n\n<p class=\"has-sitebg-color has-text-color\"><em>M\u00e8m dan kar\u00e9 b\u00e9ton, la bot\u00e9 i trouv&rsquo; in many\u00e8r amont&rsquo; ali<\/em>.<\/p>\n\n\n\n<p class=\"has-sitebg-color has-text-color\">Dans un monde urbanis\u00e9, la beaut\u00e9 a trouv\u00e9 de nouvelles fa\u00e7ons de se montrer.<\/p>\n<\/div><\/div>\n<\/div>\n\n\n\n<div class=\"wp-block-column is-layout-flow wp-block-column-is-layout-flow\">\n<div class=\"wp-block-cover\"><span aria-hidden=\"true\" class=\"wp-block-cover__background has-background-dim\"><\/span><img loading=\"lazy\" decoding=\"async\" width=\"1024\" height=\"683\" class=\"wp-block-cover__image-background wp-image-150\" alt=\"\" src=\"http:\/\/miklpictures.art\/wp-content\/uploads\/2023\/06\/DSCF4558-1024x683.jpg\" data-object-fit=\"cover\" srcset=\"https:\/\/miklpictures.art\/wp-content\/uploads\/2023\/06\/DSCF4558-1024x683.jpg 1024w, https:\/\/miklpictures.art\/wp-content\/uploads\/2023\/06\/DSCF4558-300x200.jpg 300w, https:\/\/miklpictures.art\/wp-content\/uploads\/2023\/06\/DSCF4558-768x512.jpg 768w, https:\/\/miklpictures.art\/wp-content\/uploads\/2023\/06\/DSCF4558-1536x1025.jpg 1536w, https:\/\/miklpictures.art\/wp-content\/uploads\/2023\/06\/DSCF4558-450x300.jpg 450w, https:\/\/miklpictures.art\/wp-content\/uploads\/2023\/06\/DSCF4558.jpg 2048w\" sizes=\"auto, (max-width: 1024px) 100vw, 1024px\" \/><div class=\"wp-block-cover__inner-container is-layout-flow wp-block-cover-is-layout-flow\">\n<p class=\"has-text-align-center has-large-font-size\"><strong><a href=\"http:\/\/miklpictures.art\/?cat=4\">Si l&rsquo;bor la mer<\/a><\/strong><\/p>\n\n\n\n<p class=\"has-sitebg-color has-text-color\"><em>D\u00e9fwa li ap\u00e8z, d\u00e9fwa li fai p\u00e8r. M\u00e8 a chak fwa li fasin\u2019 a nou.<\/em><\/p>\n\n\n\n<p class=\"has-sitebg-color has-text-color\">Qu\u2019elle nous apaise ou nous effraie, la mer nous fascine \u00e0 chaque fois.<\/p>\n<\/div><\/div>\n<\/div>\n\n\n\n<div class=\"wp-block-column is-layout-flow wp-block-column-is-layout-flow\">\n<div class=\"wp-block-cover is-light\"><span aria-hidden=\"true\" class=\"wp-block-cover__background has-background-dim\"><\/span><img loading=\"lazy\" decoding=\"async\" width=\"1024\" height=\"683\" class=\"wp-block-cover__image-background wp-image-84\" alt=\"\" src=\"http:\/\/miklpictures.art\/wp-content\/uploads\/2023\/06\/DSC02313-1024x683.jpg\" data-object-fit=\"cover\" srcset=\"https:\/\/miklpictures.art\/wp-content\/uploads\/2023\/06\/DSC02313-1024x683.jpg 1024w, https:\/\/miklpictures.art\/wp-content\/uploads\/2023\/06\/DSC02313-300x200.jpg 300w, https:\/\/miklpictures.art\/wp-content\/uploads\/2023\/06\/DSC02313-768x512.jpg 768w, https:\/\/miklpictures.art\/wp-content\/uploads\/2023\/06\/DSC02313-1536x1024.jpg 1536w, https:\/\/miklpictures.art\/wp-content\/uploads\/2023\/06\/DSC02313-450x300.jpg 450w, https:\/\/miklpictures.art\/wp-content\/uploads\/2023\/06\/DSC02313.jpg 2048w\" sizes=\"auto, (max-width: 1024px) 100vw, 1024px\" \/><div class=\"wp-block-cover__inner-container is-layout-flow wp-block-cover-is-layout-flow\">\n<p class=\"has-text-align-center has-sitebg-color has-text-color has-large-font-size\"><strong><a href=\"http:\/\/miklpictures.art\/?cat=10\">D\u00e9sot&rsquo; la mer<\/a><\/strong><\/p>\n\n\n\n<p class=\"has-sitebg-color has-text-color has-normal-font-size\"><em>Fo d\u00e9sot&rsquo; la m\u00e8r pou war dot&rsquo; zaf\u00e8r, tank&rsquo; i retrouv&rsquo; somin<\/em>.<\/p>\n\n\n\n<p class=\"has-sitebg-color has-text-color\">Il faut quitter l&rsquo;\u00eele pour voir d&rsquo;autres paysages, tant que l&rsquo;on retrouve le chemin du retour.<\/p>\n<\/div><\/div>\n<\/div>\n<\/div>\n\n\n\n<h2 class=\"wp-block-heading has-text-align-center\">Hors Collection<\/h2>\n\n\n\n<div class=\"wp-block-stackable-columns stk-block-columns stk-block stk-f33f182\" data-block-id=\"f33f182\"><div class=\"stk-row stk-inner-blocks stk-block-content stk-content-align stk-f33f182-column\">\n<div class=\"wp-block-stackable-column stk-block-column stk-column stk-block stk-32bfede\" data-v=\"4\" data-block-id=\"32bfede\"><div class=\"stk-column-wrapper stk-block-column__content stk-container stk-32bfede-container stk--no-background stk--no-padding\"><div class=\"stk-block-content stk-inner-blocks stk-32bfede-inner-blocks\">\n<div class=\"wp-block-cover\"><span aria-hidden=\"true\" class=\"wp-block-cover__background has-background-dim\"><\/span><img loading=\"lazy\" decoding=\"async\" width=\"2048\" height=\"1365\" class=\"wp-block-cover__image-background wp-image-353\" alt=\"\" src=\"http:\/\/miklpictures.art\/wp-content\/uploads\/2023\/07\/DSC00526.jpg\" data-object-fit=\"cover\" srcset=\"https:\/\/miklpictures.art\/wp-content\/uploads\/2023\/07\/DSC00526.jpg 2048w, https:\/\/miklpictures.art\/wp-content\/uploads\/2023\/07\/DSC00526-300x200.jpg 300w, https:\/\/miklpictures.art\/wp-content\/uploads\/2023\/07\/DSC00526-1024x683.jpg 1024w, https:\/\/miklpictures.art\/wp-content\/uploads\/2023\/07\/DSC00526-768x512.jpg 768w, https:\/\/miklpictures.art\/wp-content\/uploads\/2023\/07\/DSC00526-1536x1024.jpg 1536w, https:\/\/miklpictures.art\/wp-content\/uploads\/2023\/07\/DSC00526-450x300.jpg 450w\" sizes=\"auto, (max-width: 2048px) 100vw, 2048px\" \/><div class=\"wp-block-cover__inner-container is-layout-constrained wp-block-cover-is-layout-constrained\">\n<h2 class=\"wp-block-heading has-text-align-center has-accent-1-color has-text-color has-large-font-size\"><a href=\"https:\/\/miklpictures.art\/?cat=32\">L&rsquo;oiseau<\/a><\/h2>\n\n\n\n<p class=\"has-sitebg-color has-text-color\">L&rsquo;un de mes sujets pr\u00e9f\u00e9r\u00e9s, si ce n&rsquo;est le premier. Pas toujours facile \u00e0 photographier, mais toujours un plaisir \u00e0 observer.<\/p>\n<\/div><\/div>\n<\/div><\/div><\/div>\n\n\n\n<div class=\"wp-block-stackable-column stk-block-column stk-column stk-block stk-f98d3ac\" data-v=\"4\" data-block-id=\"f98d3ac\"><div class=\"stk-column-wrapper stk-block-column__content stk-container stk-f98d3ac-container stk--no-background stk--no-padding\"><div class=\"stk-block-content stk-inner-blocks stk-f98d3ac-inner-blocks\">\n<div class=\"wp-block-cover is-light\"><span aria-hidden=\"true\" class=\"wp-block-cover__background has-background-dim\"><\/span><img loading=\"lazy\" decoding=\"async\" width=\"2048\" height=\"1365\" class=\"wp-block-cover__image-background wp-image-493\" alt=\"\" src=\"http:\/\/miklpictures.art\/wp-content\/uploads\/2023\/09\/DSCF8998_48Bit_g2p0030.jpg\" data-object-fit=\"cover\" srcset=\"https:\/\/miklpictures.art\/wp-content\/uploads\/2023\/09\/DSCF8998_48Bit_g2p0030.jpg 2048w, https:\/\/miklpictures.art\/wp-content\/uploads\/2023\/09\/DSCF8998_48Bit_g2p0030-300x200.jpg 300w, https:\/\/miklpictures.art\/wp-content\/uploads\/2023\/09\/DSCF8998_48Bit_g2p0030-1024x683.jpg 1024w, https:\/\/miklpictures.art\/wp-content\/uploads\/2023\/09\/DSCF8998_48Bit_g2p0030-768x512.jpg 768w, https:\/\/miklpictures.art\/wp-content\/uploads\/2023\/09\/DSCF8998_48Bit_g2p0030-1536x1024.jpg 1536w, https:\/\/miklpictures.art\/wp-content\/uploads\/2023\/09\/DSCF8998_48Bit_g2p0030-450x300.jpg 450w\" sizes=\"auto, (max-width: 2048px) 100vw, 2048px\" \/><div class=\"wp-block-cover__inner-container is-layout-constrained wp-block-cover-is-layout-constrained\">\n<h2 class=\"wp-block-heading has-text-align-center has-accent-1-color has-text-color has-large-font-size\"><a href=\"https:\/\/miklpictures.art\/?cat=31\">L&rsquo;argentique<\/a><\/h2>\n\n\n\n<p class=\"has-sitebg-color has-text-color\">C&rsquo;est un retour aux sources m\u00eame de la photographie. Avec son grain inimitable, l&rsquo;argentique invite \u00e0 une exp\u00e9rience plus pos\u00e9e et r\u00e9fl\u00e9chie.<\/p>\n<\/div><\/div>\n<\/div><\/div><\/div>\n<\/div><\/div>\n\n\n\n<h2 class=\"wp-block-heading has-text-align-center\">#hashtag<\/h2>\n\n\n<p class=\"aligncenter wp-block-tag-cloud\"><a href=\"https:\/\/miklpictures.art\/?tag=argentique\" class=\"tag-cloud-link tag-link-30 tag-link-position-1\" style=\"font-size: 8pt;\" aria-label=\"Argentique (1 \u00e9l\u00e9ment)\">Argentique<\/a>\n<a href=\"https:\/\/miklpictures.art\/?tag=art\" class=\"tag-cloud-link tag-link-16 tag-link-position-2\" style=\"font-size: 11.876923076923pt;\" aria-label=\"Art (2 \u00e9l\u00e9ments)\">Art<\/a>\n<a href=\"https:\/\/miklpictures.art\/?tag=aube\" class=\"tag-cloud-link tag-link-27 tag-link-position-3\" style=\"font-size: 8pt;\" aria-label=\"Aube (1 \u00e9l\u00e9ment)\">Aube<\/a>\n<a href=\"https:\/\/miklpictures.art\/?tag=coucher-de-soleil\" class=\"tag-cloud-link tag-link-21 tag-link-position-4\" style=\"font-size: 8pt;\" aria-label=\"Coucher de Soleil (1 \u00e9l\u00e9ment)\">Coucher de Soleil<\/a>\n<a href=\"https:\/\/miklpictures.art\/?tag=culture-generale\" class=\"tag-cloud-link tag-link-26 tag-link-position-5\" style=\"font-size: 16.615384615385pt;\" aria-label=\"Culture G\u00e9n\u00e9rale (4 \u00e9l\u00e9ments)\">Culture G\u00e9n\u00e9rale<\/a>\n<a href=\"https:\/\/miklpictures.art\/?tag=faune\" class=\"tag-cloud-link tag-link-15 tag-link-position-6\" style=\"font-size: 11.876923076923pt;\" aria-label=\"Faune (2 \u00e9l\u00e9ments)\">Faune<\/a>\n<a href=\"https:\/\/miklpictures.art\/?tag=flore\" class=\"tag-cloud-link tag-link-14 tag-link-position-7\" style=\"font-size: 8pt;\" aria-label=\"Flore (1 \u00e9l\u00e9ment)\">Flore<\/a>\n<a href=\"https:\/\/miklpictures.art\/?tag=monument\" class=\"tag-cloud-link tag-link-17 tag-link-position-8\" style=\"font-size: 14.461538461538pt;\" aria-label=\"Monument (3 \u00e9l\u00e9ments)\">Monument<\/a>\n<a href=\"https:\/\/miklpictures.art\/?tag=nature\" class=\"tag-cloud-link tag-link-13 tag-link-position-9\" style=\"font-size: 22pt;\" aria-label=\"Nature (8 \u00e9l\u00e9ments)\">Nature<\/a>\n<a href=\"https:\/\/miklpictures.art\/?tag=ocean\" class=\"tag-cloud-link tag-link-18 tag-link-position-10\" style=\"font-size: 18.338461538462pt;\" aria-label=\"Oc\u00e9an (5 \u00e9l\u00e9ments)\">Oc\u00e9an<\/a>\n<a href=\"https:\/\/miklpictures.art\/?tag=oiseau\" class=\"tag-cloud-link tag-link-22 tag-link-position-11\" style=\"font-size: 11.876923076923pt;\" aria-label=\"Oiseau (2 \u00e9l\u00e9ments)\">Oiseau<\/a>\n<a href=\"https:\/\/miklpictures.art\/?tag=randonnee\" class=\"tag-cloud-link tag-link-29 tag-link-position-12\" style=\"font-size: 8pt;\" aria-label=\"Randonn\u00e9e (1 \u00e9l\u00e9ment)\">Randonn\u00e9e<\/a>\n<a href=\"https:\/\/miklpictures.art\/?tag=urbain\" class=\"tag-cloud-link tag-link-25 tag-link-position-13\" style=\"font-size: 16.615384615385pt;\" aria-label=\"Urbain (4 \u00e9l\u00e9ments)\">Urbain<\/a><\/p>","protected":false},"excerpt":{"rendered":"<p>Hors Collection #hashtag<\/p>\n","protected":false},"author":2,"featured_media":0,"parent":0,"menu_order":0,"comment_status":"closed","ping_status":"closed","template":"","meta":{"footnotes":""},"class_list":["post-127","page","type-page","status-publish","hentry"],"_links":{"self":[{"href":"https:\/\/miklpictures.art\/index.php?rest_route=\/wp\/v2\/pages\/127","targetHints":{"allow":["GET"]}}],"collection":[{"href":"https:\/\/miklpictures.art\/index.php?rest_route=\/wp\/v2\/pages"}],"about":[{"href":"https:\/\/miklpictures.art\/index.php?rest_route=\/wp\/v2\/types\/page"}],"author":[{"embeddable":true,"href":"https:\/\/miklpictures.art\/index.php?rest_route=\/wp\/v2\/users\/2"}],"replies":[{"embeddable":true,"href":"https:\/\/miklpictures.art\/index.php?rest_route=%2Fwp%2Fv2%2Fcomments&post=127"}],"version-history":[{"count":21,"href":"https:\/\/miklpictures.art\/index.php?rest_route=\/wp\/v2\/pages\/127\/revisions"}],"predecessor-version":[{"id":510,"href":"https:\/\/miklpictures.art\/index.php?rest_route=\/wp\/v2\/pages\/127\/revisions\/510"}],"wp:attachment":[{"href":"https:\/\/miklpictures.art\/index.php?rest_route=%2Fwp%2Fv2%2Fmedia&parent=127"}],"curies":[{"name":"wp","href":"https:\/\/api.w.org\/{rel}","templated":true}]}}